{"id":4148,"date":"2022-05-06T10:48:32","date_gmt":"2022-05-06T10:48:32","guid":{"rendered":"https:\/\/klinikadlakobiet.pl\/in\/?page_id=4148"},"modified":"2023-03-27T13:31:21","modified_gmt":"2023-03-27T13:31:21","slug":"antykoncepcja-regularna-online","status":"publish","type":"page","link":"https:\/\/klinikadlakobiet.pl\/in\/antykoncepcja-regularna-online\/","title":{"rendered":"Regularna antykoncepcja"},"content":{"rendered":"<div id=\"cmsmasters_row_3rrvmzn7i\" class=\"cmsmasters_row cmsmasters_color_scheme_default landing-white-radius-shadow cmsmasters_row_top_default cmsmasters_row_bot_default cmsmasters_row_boxed\">\n<div class=\"cmsmasters_row_outer_parent\">\n<div class=\"cmsmasters_row_outer\">\n<div class=\"cmsmasters_row_inner\">\n<div class=\"cmsmasters_row_margin\">\n<div id=\"cmsmasters_column_wcg9y86dgg\" class=\"cmsmasters_column one_first\">\n<div class=\"cmsmasters_column_inner\"><div class=\"cmsmasters_text\">\n<h2 style=\"text-align: center;\"><div id=\"cmsmasters_heading_zfl3d4b04\" class=\"cmsmasters_heading_wrap cmsmasters_heading_align_center\">\n\t<h2 class=\"cmsmasters_heading\">Skuteczne, odwracalne metody antykoncepcji<\/h2>\n<\/div><\/h2>\n<h1 style=\"text-align: center;\"><a href=\"https:\/\/klinikadlakobiet.pl\/iframe\/1\"><strong><img loading=\"lazy\" decoding=\"async\" class=\"wp-kdk-cta alignnone wp-image-4166 \" src=\"https:\/\/klinikadlakobiet.pl\/in\/wp-content\/uploads\/2022\/05\/anty-reg-1024x536.jpg\" alt=\"antykoncepcja regularna\" width=\"569\" height=\"298\" srcset=\"https:\/\/klinikadlakobiet.pl\/in\/wp-content\/uploads\/2022\/05\/anty-reg-1024x536.jpg 1024w, https:\/\/klinikadlakobiet.pl\/in\/wp-content\/uploads\/2022\/05\/anty-reg-300x157.jpg 300w, https:\/\/klinikadlakobiet.pl\/in\/wp-content\/uploads\/2022\/05\/anty-reg-768x402.jpg 768w, https:\/\/klinikadlakobiet.pl\/in\/wp-content\/uploads\/2022\/05\/anty-reg-580x304.jpg 580w, https:\/\/klinikadlakobiet.pl\/in\/wp-content\/uploads\/2022\/05\/anty-reg-860x450.jpg 860w, https:\/\/klinikadlakobiet.pl\/in\/wp-content\/uploads\/2022\/05\/anty-reg-1160x607.jpg 1160w, https:\/\/klinikadlakobiet.pl\/in\/wp-content\/uploads\/2022\/05\/anty-reg.jpg 1200w\" sizes=\"auto, (max-width: 569px) 100vw, 569px\" \/><\/strong><\/a><\/h1>\n<p><span style=\"font-weight: 400;\">Regularne stosowanie metod antykoncepcyjnych w znacznym stopniu ogranicza ryzyko niechcianej ci\u0105\u017cy &#8211; zale\u017cnie od metody nawet o 73 do 99,8%. Regularn\u0105 antykoncepcj\u0119 dzieli si\u0119 na 4 kategorie &#8211; mechaniczn\u0105, chemiczn\u0105, hormonaln\u0105 i metody naturalne. Trzeba jednak pami\u0119ta\u0107, \u017ce tabletki antykoncepcyjne i podobne metody (zw\u0142aszcza antykoncepcji hormonalnej) dzia\u0142aj\u0105 w bardzo indywidualny spos\u00f3b &#8211; to, co \u015bwietnie sprawdza si\u0119 u kole\u017canki, niekoniecznie zadzia\u0142a r\u00f3wnie dobrze w Twoim przypadku. W Klinice dla Kobiet pomo\u017cemy Ci dobra\u0107 odpowiednie metody i \u015brodki antykoncepcyjne lub przed\u0142u\u017cymy ju\u017c posiadan\u0105 recept\u0119.<\/span><\/p>\n<p><span style=\"font-weight: 400;\">Antykoncepcja regularna (np. doustna antykoncepcja hormonalna) nie tylko pozwala ochroni\u0107 si\u0119 przed nieplanowan\u0105 ci\u0105\u017c\u0105, ale te\u017c pomaga w problemach z cyklem &#8211; wiele metod pozwala uregulowa\u0107 cykl miesi\u0105czkowy czy zmniejszy\u0107 obfito\u015b\u0107 krwawienia. Skuteczno\u015b\u0107 antykoncepcji hormonalnej osi\u0105ga niemal 100% &#8211; wed\u0142ug ich Indeksu Pearla (0,1 do 0,8) mniej ni\u017c 1 kobieta na 100 zachodzi w ci\u0105\u017c\u0119 w ci\u0105gu roku korzystania z niej. Niekt\u00f3re metody mechaniczne stanowi\u0105 r\u00f3wnie\u017c dodatkowe zabezpieczenie przed chorobami przenoszonymi drog\u0105 p\u0142ciow\u0105.<\/span><\/p>\n<\/div>\n<div class=\"custom_html\">\n<div class=\"new-doctor-grid\">\n<div uk-grid=\"\" class=\"dr-grid uk-grid-small uk-flex-middle\">\n<div class=\"uk-width-2-3@l uk-width-1-1 uk-height-1-1\">\n<div class=\"uk-height-1-1 uk-flex-middle uk-flex uk-flex-wrap\" id=\"dr-jankowska-bg\">\n<div class=\"uk-width-1-3@l uk-width-1-2@m uk-width-1-1\" id=\"doktor\"><img decoding=\"async\" id=\"doctor-img\" alt=\"Dr Sylwia\" src=\"\/images\/doctor\/doctor_cut-tiny.png\" \/><\/div>\n<div class=\"uk-width-1-2@l uk-width-1-2@m uk-width-1-1 uk-text-center uk-text-left@l dr-jankowska-content-left-wrapper\">\n<div id=\"dr-jankowska-content-left\">\n<h2 id=\"mcetoc_1ejdbkf7h0\" style=\"text-align: center;\">Dr Sylwia Jankowska<\/h2>\n<p style=\"text-align: center;\">Dr Sylwia Jankowska uko\u0144czy\u0142a II Wydzia\u0142 Lekarski na Uniwersytecie Medycznym w\u00a0Warszawie w\u00a02001. W\u00a0latach 2001 \u2014\u00a02005 pracowa\u0142a w szpitalu po\u0142o\u017cniczym im. \u015bw. Rodziny w\u00a0Warszawie. W\u00a0swoim dorobku dr Sylwia Jankowska posiada przeprowadzenie kilkudziesi\u0119ciu operacji, odebranie ponad setki porod\u00f3w i\u00a0prowadzenie wielu ci\u0105\u017c.<\/p>\n<\/div>\n<\/div>\n<\/div>\n<\/div>\n<div class=\"uk-width-1-3@l uk-width-1-1 uk-height-1-1\">\n<div class=\"uk-height-1-1 uk-flex-middle uk-flex\" id=\"dr-jankowska-bg-right\">\n<div class=\"uk-padding dr-jankowska-content-right uk-text-center\">\n<p>Rozpocznij konsultacj\u0119\u00a0ju\u017c teraz \u2013 wystarczy, \u017ce wype\u0142nisz prosty formularz, odpowiesz na proste pytania dotycz\u0105ce Twojego zdrowia, a\u00a0po op\u0142aceniu konsultacji recepta przyjdzie sama \ud83d\ude42<br \/><strong>Istnieje mo\u017cliwo\u015b\u0107 wystawienia recepty transgranicznej<\/strong><\/br><\/p>\n<p><a class=\"uk-button uk-button-default btn-konsultacje\" href=\"https:\/\/klinikadlakobiet.pl\/iframe\/1\">Rozpocznij konsultacj\u0119<\/a><\/div>\n<\/div>\n<\/div>\n<\/div>\n<\/div>\n<\/div>\n<div class=\"cmsmasters_text\">\n<p style=\"text-align: center;\"><b>Rozwa\u017c antykoncepcj\u0119 regularn\u0105, je\u015bli:<\/b><\/p>\n<ul>\n<li style=\"font-weight: 400;\" aria-level=\"1\"><span style=\"font-weight: 400;\">Chcesz prowadzi\u0107 aktywne \u017cycie seksualne bez ryzyka zaj\u015bcia w ci\u0105\u017c\u0119<\/span><\/li>\n<li style=\"font-weight: 400;\" aria-level=\"1\"><span style=\"font-weight: 400;\">Odczuwasz silne objawy napi\u0119cia przedmiesi\u0105czkowego, a cyklowi towarzyszy obfite krwawienie<\/span><\/li>\n<li style=\"font-weight: 400;\" aria-level=\"1\"><span style=\"font-weight: 400;\">Szukasz skutecznej, trwa\u0142ej alternatywy dla antykoncepcji hormonalnej<\/span><\/li>\n<li style=\"font-weight: 400;\" aria-level=\"1\"><span style=\"font-weight: 400;\">Chcesz uregulowa\u0107 sw\u00f3j cykl menstruacyjny lub ca\u0142kowicie zapobiec miesi\u0105czkowaniu<\/span><\/li>\n<li style=\"font-weight: 400;\" aria-level=\"1\"><span style=\"font-weight: 400;\">Codzienne przyjmowanie tabletek antykoncepcyjnych o regularnych porach jest dla Ciebie k\u0142opotliwe<\/span><\/li>\n<li style=\"font-weight: 400;\" aria-level=\"1\"><span style=\"font-weight: 400;\">Stosowane do tej pory metody nie przynios\u0142y zadowalaj\u0105cych rezultat\u00f3w lub by\u0142y bardzo uci\u0105\u017cliwe<\/span><\/li>\n<li style=\"font-weight: 400;\" aria-level=\"1\"><span style=\"font-weight: 400;\">\u015aledzenie dni p\u0142odnych jest dla Ciebie i Twojego partnera frustruj\u0105ce<\/span><\/li>\n<\/ul>\n<p><span style=\"font-weight: 400;\">Antykoncepcja regularna mo\u017ce mie\u0107 wiele form &#8211; dzi\u0119ki konsultacji z naszym specjalist\u0105 mo\u017cesz wybra\u0107 spo\u015br\u00f3d nich t\u0119, kt\u00f3ra najbardziej odpowiada Twoim preferencjom i predyspozycjom. Wi\u0119cej informacji na temat poszczeg\u00f3lnych sposob\u00f3w antykoncepcji znajdziesz na dedykowanym im podstronom w opisie oferty kliniki.<\/span><\/p>\n<h3 style=\"text-align: center;\"><b>Regularna antykoncepcja w KK:<\/b><\/h3>\n<h4><b>Antykoncepcja mechaniczna<\/b><\/h4>\n<ul>\n<li style=\"font-weight: 400;\" aria-level=\"1\"><span style=\"font-weight: 400;\">Prezerwatywy<\/span><\/li>\n<li style=\"font-weight: 400;\" aria-level=\"1\"><span style=\"font-weight: 400;\">Kapturki dopochwowe<\/span><\/li>\n<li style=\"font-weight: 400;\" aria-level=\"1\"><span style=\"font-weight: 400;\">Wewn\u0105trzmaciczne spirale\/wk\u0142adki niehormonalne<\/span><\/li>\n<\/ul>\n<h4><b>Antykoncepcja hormonalna<\/b><\/h4>\n<ul>\n<li style=\"font-weight: 400;\" aria-level=\"1\"><span style=\"font-weight: 400;\">Tabletki jednosk\u0142adnikowe<\/span><\/li>\n<li style=\"font-weight: 400;\" aria-level=\"1\"><span style=\"font-weight: 400;\">Tabletki dwusk\u0142adnikowe<\/span><\/li>\n<li style=\"font-weight: 400;\" aria-level=\"1\"><span style=\"font-weight: 400;\">Plastry<\/span><\/li>\n<li style=\"font-weight: 400;\" aria-level=\"1\"><span style=\"font-weight: 400;\">Zastrzyki<\/span><\/li>\n<li style=\"font-weight: 400;\" aria-level=\"1\"><span style=\"font-weight: 400;\">Kr\u0105\u017cki dopochwowe<\/span><\/li>\n<li style=\"font-weight: 400;\" aria-level=\"1\"><span style=\"font-weight: 400;\">Implanty podsk\u00f3rne<\/span><\/li>\n<li style=\"font-weight: 400;\" aria-level=\"1\"><span style=\"font-weight: 400;\">Wewn\u0105trzmaciczne spirale\/wk\u0142adki hormonalne<\/span><\/li>\n<\/ul>\n<\/div>\n<\/div><\/div>\n<div id=\"cmsmasters_column_3xk58ascm\" class=\"cmsmasters_column one_first\">\n<div class=\"cmsmasters_column_inner\"><div id=\"cmsmasters_button_ws87982z9q\" class=\"button_wrap\"><a href=\"https:\/\/klinikadlakobiet.pl\/iframe\/1\" class=\"cmsmasters_button\"><span>Chc\u0119 e-recept\u0119<\/span><\/a><\/div>\n<\/div><\/div>\n<\/div>\n<\/div>\n<\/div>\n<\/div>\n<\/div>\n<div id=\"cmsmasters_row_fziomzwio\" class=\"cmsmasters_row cmsmasters_color_scheme_default landing-white-radius-shadow cmsmasters_row_top_default cmsmasters_row_bot_default cmsmasters_row_boxed\">\n<div class=\"cmsmasters_row_outer_parent\">\n<div class=\"cmsmasters_row_outer\">\n<div class=\"cmsmasters_row_inner\">\n<div class=\"cmsmasters_row_margin\">\n<div id=\"cmsmasters_column_ruli9lje9u\" class=\"cmsmasters_column one_first\">\n<div class=\"cmsmasters_column_inner\"><div id=\"cmsmasters_heading_xsi8lo7ms7\" class=\"cmsmasters_heading_wrap cmsmasters_heading_align_center\">\n\t<h3 class=\"cmsmasters_heading\">W Klinice dla Kobiet pomog\u0119 Ci:<\/h3>\n<\/div>\n<\/div><\/div>\n<\/div>\n<\/div>\n<\/div>\n<\/div>\n<\/div>\n<div id=\"cmsmasters_row_hcddwdyic8\" class=\"cmsmasters_row cmsmasters_color_scheme_default landing-icon-box cmsmasters_row_top_default cmsmasters_row_bot_default cmsmasters_row_boxed\">\n<div class=\"cmsmasters_row_outer_parent\">\n<div class=\"cmsmasters_row_outer\">\n<div class=\"cmsmasters_row_inner\">\n<div class=\"cmsmasters_row_margin cmsmasters_row_columns_behavior\">\n<div id=\"cmsmasters_column_h0yxspvh9q\" class=\"cmsmasters_column one_third wp-purple-box\">\n<div class=\"cmsmasters_column_inner\"><div id=\"cmsmasters_icon_box_7s71it11nf\" class=\"cmsmasters_icon_box cmsmasters_icon_top box_icon_type_icon cmsmasters-icon-heart radius-shadow\">\n<div class=\"icon_box_inner\">\n<h3 class=\"icon_box_heading\">Szybko<\/h3>\n<div class=\"icon_box_text\">\n<p><span style=\"font-weight: 400;\">Bez kolejek i d\u0142ugiego oczekiwania na konsultacj\u0119. Obecny \u015bredni czas obs\u0142ugi od rejestracji do wystawienia recepty to 19 min.<\/span><\/p>\n<\/div>\n<\/div>\n<\/div>\n<\/div><\/div>\n<div id=\"cmsmasters_column_5si48rwcfs\" class=\"cmsmasters_column one_third radius-shadow wp-purple-box\">\n<div class=\"cmsmasters_column_inner\"><div id=\"cmsmasters_icon_box_pgbmiqziz\" class=\"cmsmasters_icon_box cmsmasters_icon_top box_icon_type_icon cmsmasters-icon-heart radius-shadow\">\n<div class=\"icon_box_inner\">\n<h3 class=\"icon_box_heading\">Dyskretnie<\/h3>\n<div class=\"icon_box_text\">\n<p><span style=\"font-weight: 400;\">Szanuj\u0119 Twoje decyzje i prywatno\u015b\u0107. Wszystkie dane s\u0105 przechowywane bezpiecznie, zgodnie z RODO i wymaganiami przechowywania dokumentacji medycznej.<\/span><\/p>\n<\/div>\n<\/div>\n<\/div>\n<\/div><\/div>\n<div id=\"cmsmasters_column_1zex9kxsk\" class=\"cmsmasters_column one_third\">\n<div class=\"cmsmasters_column_inner\"><div id=\"cmsmasters_icon_box_u7pw5xqgaf\" class=\"cmsmasters_icon_box cmsmasters_icon_top box_icon_type_icon cmsmasters-icon-heart radius-shadow\">\n<div class=\"icon_box_inner\">\n<h3 class=\"icon_box_heading\">Profesjonalnie<\/h3>\n<div class=\"icon_box_text\">\n<p><span style=\"font-weight: 400;\">Mam dwudziestoletnie do\u015bwiadczenie w zdrowiu kobiet i antykoncepcji, pi\u0119cioletnie w szkoleniu innych lekarzy w tej dziedzinie oraz o\u015bmioletnie w telemedycynie.<\/span><\/p>\n<\/div>\n<\/div>\n<\/div>\n<\/div><\/div>\n<\/div>\n<\/div>\n<\/div>\n<\/div>\n<\/div>\n<div id=\"cmsmasters_row_g3oixg6hjg\" class=\"cmsmasters_row cmsmasters_color_scheme_default landing-icon-box cmsmasters_row_top_default cmsmasters_row_bot_default cmsmasters_row_boxed\">\n<div class=\"cmsmasters_row_outer_parent\">\n<div class=\"cmsmasters_row_outer\">\n<div class=\"cmsmasters_row_inner\">\n<div class=\"cmsmasters_row_margin cmsmasters_row_columns_behavior\">\n<div id=\"cmsmasters_column_4t2krwyo4h\" class=\"cmsmasters_column one_third wp-purple-box\">\n<div class=\"cmsmasters_column_inner\"><div id=\"cmsmasters_icon_box_vg5qno3dvb\" class=\"cmsmasters_icon_box cmsmasters_icon_top box_icon_type_icon cmsmasters-icon-heart radius-shadow\">\n<div class=\"icon_box_inner\">\n<h3 class=\"icon_box_heading\">Bez wychodzenia z domu<\/h3>\n<div class=\"icon_box_text\">\n<p><span style=\"font-weight: 400;\">Kod wystawionej recepty trafi na podany przez Ciebie przy rejestracji e-mail &#8211; mo\u017cesz go zrealizowa\u0107 w dowolnej aptece, r\u00f3wnie\u017c internetowej.<\/span><\/p>\n<\/div>\n<\/div>\n<\/div>\n<\/div><\/div>\n<div id=\"cmsmasters_column_4jxzievbso\" class=\"cmsmasters_column one_third radius-shadow wp-purple-box\">\n<div class=\"cmsmasters_column_inner\"><div id=\"cmsmasters_icon_box_47tbjb94lp\" class=\"cmsmasters_icon_box cmsmasters_icon_top box_icon_type_icon cmsmasters-icon-heart radius-shadow\">\n<div class=\"icon_box_inner\">\n<h3 class=\"icon_box_heading\">Bez potrzeby umawiania wizyty<\/h3>\n<div class=\"icon_box_text\">\n<p><span style=\"font-weight: 400;\">Rejestrujesz si\u0119 i wype\u0142niasz kwestionariusz wywiadu medycznego, kiedy chcesz &#8211; KK jest czynna 24\/7.<\/span><\/p>\n<\/div>\n<\/div>\n<\/div>\n<\/div><\/div>\n<div id=\"cmsmasters_column_9wi7y7weam\" class=\"cmsmasters_column one_third\">\n<div class=\"cmsmasters_column_inner\"><div id=\"cmsmasters_icon_box_acmww8kppa\" class=\"cmsmasters_icon_box cmsmasters_icon_top box_icon_type_icon cmsmasters-icon-heart radius-shadow\">\n<div class=\"icon_box_inner\">\n<h3 class=\"icon_box_heading\">Bez rejestracji konta w IKP<\/h3>\n<div class=\"icon_box_text\">\n<p><span style=\"font-weight: 400;\">Konsultacje lekarskie w KK nie wymagaj\u0105 rejestracji w rz\u0105dowym systemie Internetowego Konta Pacjenta &#8211; kod recepty trafi bezpo\u015brednio do Ciebie.<\/span><\/p>\n<\/div>\n<\/div>\n<\/div>\n<\/div><\/div>\n<\/div>\n<\/div>\n<\/div>\n<\/div>\n<\/div>\n<div id=\"cmsmasters_row_f3x58alopu\" class=\"cmsmasters_row cmsmasters_color_scheme_default landing-white-radius-shadow cmsmasters_row_top_default cmsmasters_row_bot_default cmsmasters_row_boxed\">\n<div class=\"cmsmasters_row_outer_parent\">\n<div class=\"cmsmasters_row_outer\">\n<div class=\"cmsmasters_row_inner\">\n<div class=\"cmsmasters_row_margin\">\n<div id=\"cmsmasters_column_o4b9v2e9k\" class=\"cmsmasters_column one_first\">\n<div class=\"cmsmasters_column_inner\"><div class=\"cmsmasters_text\">\n<div class=\"wrap-form-1-step\">\n<div class=\"header-form\">\n<h2><a name=\"konsultacja\"><\/a>Szybka Konsultacja &#8211; Antykoncepcja Regularna<\/h2>\n<\/div>\n<h3>KONSULTACJA LEKARSKA<\/h3>\n<div class=\"form-1-step\">\n<div class=\"text-form\">\n<p>Przed Tob\u0105 konsultacja lekarska w kierunku regularnej antykoncepcji hormonalnej. Najpierw wybierz lek kt\u00f3ry u\u017cywasz b\u0105d\u017a ostatnio u\u017cywa\u0142a\u015b. Nast\u0119pnie odpowiedz na pytanie formularza konsultacji medycznej. Pytania konsultacji zorganizowane s\u0105\u00a0w sze\u015b\u0107 grup:<\/p>\n<p>1. Regulamin i Polityka Prywatno\u015bci,<\/p>\n<p>2.\u00a0Kilka kluczowych pyta\u0144 na pocz\u0105tek,<\/p>\n<p>3.\u00a0Twoja waga i nawyki,<\/p>\n<p>4.\u00a0Twoje zdrowie w przesz\u0142o\u015bci,<\/p>\n<p>5. Twoje zdrowie obecnie,<\/p>\n<p>6. I ostatnie pytanie na koniec.<\/p>\n<p>Na wszystkie pytania prosz\u0119 odpowiada\u0107 wg swojej najlepszej wiedzy. W przypadku w\u0105tpliwo\u015bci prosz\u0119 najecha\u0107 kursorem na znak zapytania znajduj\u0105cy si\u0119 przy numerze pytania.<\/p>\n<p>W przypadku kiedy dalej nie jeste\u015b pewna jak odpowiedzie\u0107 na pytanie, zaznacz prosz\u0119 odpowied\u017a &#8222;Nie wiem, nie jestem pewna&#8221;. W\u00a0razie potrzeby ja lub moi asystenci skontaktujmy si\u0119 z\u00a0Tob\u0105 w\u00a0celu wyja\u015bnienia w\u0105tpliwo\u015bci.<\/p>\n<p>Swobodne udzielenie odpowiedzi na wszystkie pytania nie powinno zaj\u0105\u0107 wi\u0119cej ni\u017c pi\u0119\u0107 do siedmiu minut.<\/p>\n<p>W ka\u017cdej chwili mo\u017cna przerwa\u0107 konsultacj\u0119. Gdy konsultacja zostanie przerwana czy to na \u017c\u0105danie b\u0105d\u017a z przyczyn technicznych trzeba rozpocz\u0105\u0107 now\u0105 konsultacj\u0119.<\/p>\n<p>Mo\u017ce zdarzy\u0107 si\u0119 tak, \u017ce konsultacja mo\u017ce zakonczy\u0107 si\u0119 automatycznie, zanim odpowiesz na wszystkie pytania. Staje si\u0119 tak, gdy odpowied\u017a na udzielone pytanie uniemo\u017cliwia wystawienie recepty na antykoncepcje regularn\u0105, np. w przypadku kiedy Tw\u00f3j stan zdrowia jest przeciwskazaniem do jej u\u017cycia. Kiedy tak si\u0119 stanie, zostaniesz o tym poinformowana, a wyja\u015bnienie sytuacji znajdzie si\u0119 r\u00f3wnie\u017c w Twoim panelu pacjenta.<\/p>\n<p data-renderer-start-pos=\"27\">P\u0141ATNO\u015a\u0106 WYKONASZ PO WYPE\u0141NIENIU FORMULARZA. Operator p\u0142atno\u015bci: <a class=\"sc-emjYpo bwjcwr\" title=\"http:\/\/przelewy24.pl\" href=\"http:\/\/przelewy24.pl\" target=\"_blank\" rel=\"noopener noreferrer\" data-renderer-mark=\"true\">przelewy24.pl<\/a><\/p>\n<p>OK, zaczynamy.<\/p>\n<\/div>\n<\/div>\n<\/div>\n<\/div>\n<div id=\"cmsmasters_button_wlx7scwq6m\" class=\"button_wrap\"><a href=\"https:\/\/klinikadlakobiet.pl\/iframe\/1\" class=\"cmsmasters_button\"><span>Zaczynamy konsultacje &#8211; koszt 49,99z\u0142<\/span><\/a><\/div>\n<\/div><\/div>\n<\/div>\n<\/div>\n<\/div>\n<\/div>\n<\/div>\n\n","protected":false},"excerpt":{"rendered":"","protected":false},"author":9,"featured_media":4166,"parent":0,"menu_order":0,"comment_status":"closed","ping_status":"closed","template":"","meta":{"footnotes":""},"class_list":["post-4148","page","type-page","status-publish","has-post-thumbnail","hentry"],"yoast_head":"<!-- This site is optimized with the Yoast SEO Premium plugin v24.4 (Yoast SEO v24.4) - https:\/\/yoast.com\/wordpress\/plugins\/seo\/ -->\n<title>Antykoncepcja Regularna | Klinika Dla Kobiet<\/title>\n<meta name=\"description\" content=\"Jak skuteczna jest antykoncepcja regularna? \u27a4 Kiedy warto zdecydowa\u0107 si\u0119 na regularn\u0105 antykoncepcj\u0119? \u27a4 Sprawd\u017a i zam\u00f3w konsultacj\u0119 ju\u017c za 49.99z\u0142!\" \/>\n<meta name=\"robots\" content=\"index, follow, max-snippet:-1, max-image-preview:large, max-video-preview:-1\" \/>\n<link rel=\"canonical\" href=\"https:\/\/klinikadlakobiet.pl\/in\/antykoncepcja-regularna-online\/\" \/>\n<meta property=\"og:locale\" content=\"pl_PL\" \/>\n<meta property=\"og:type\" content=\"article\" \/>\n<meta property=\"og:title\" content=\"Regularna antykoncepcja\" \/>\n<meta property=\"og:description\" content=\"[]\" \/>\n<meta property=\"og:url\" content=\"https:\/\/klinikadlakobiet.pl\/in\/antykoncepcja-regularna-online\/\" \/>\n<meta property=\"og:site_name\" content=\"Klinika Dla Kobiet\" \/>\n<meta property=\"article:modified_time\" content=\"2023-03-27T13:31:21+00:00\" \/>\n<meta name=\"twitter:card\" content=\"summary_large_image\" \/>\n<meta name=\"twitter:image\" content=\"https:\/\/klinikadlakobiet.pl\/in\/wp-content\/uploads\/2022\/05\/anty-reg.jpg\" \/>\n<meta name=\"twitter:label1\" content=\"Szacowany czas czytania\" \/>\n\t<meta name=\"twitter:data1\" content=\"10 minut\" \/>\n<!-- \/ Yoast SEO Premium plugin. -->","yoast_head_json":{"title":"Antykoncepcja Regularna | Klinika Dla Kobiet","description":"Jak skuteczna jest antykoncepcja regularna? \u27a4 Kiedy warto zdecydowa\u0107 si\u0119 na regularn\u0105 antykoncepcj\u0119? \u27a4 Sprawd\u017a i zam\u00f3w konsultacj\u0119 ju\u017c za 49.99z\u0142!","robots":{"index":"index","follow":"follow","max-snippet":"max-snippet:-1","max-image-preview":"max-image-preview:large","max-video-preview":"max-video-preview:-1"},"canonical":"https:\/\/klinikadlakobiet.pl\/in\/antykoncepcja-regularna-online\/","og_locale":"pl_PL","og_type":"article","og_title":"Regularna antykoncepcja","og_description":"[]","og_url":"https:\/\/klinikadlakobiet.pl\/in\/antykoncepcja-regularna-online\/","og_site_name":"Klinika Dla Kobiet","article_modified_time":"2023-03-27T13:31:21+00:00","twitter_card":"summary_large_image","twitter_image":"https:\/\/klinikadlakobiet.pl\/in\/wp-content\/uploads\/2022\/05\/anty-reg.jpg","twitter_misc":{"Szacowany czas czytania":"10 minut"},"schema":{"@context":"https:\/\/schema.org","@graph":[{"@type":"WebPage","@id":"https:\/\/klinikadlakobiet.pl\/in\/antykoncepcja-regularna-online\/","url":"https:\/\/klinikadlakobiet.pl\/in\/antykoncepcja-regularna-online\/","name":"Antykoncepcja Regularna | Klinika Dla Kobiet","isPartOf":{"@id":"https:\/\/klinikadlakobiet.pl\/in\/#website"},"primaryImageOfPage":{"@id":"https:\/\/klinikadlakobiet.pl\/in\/antykoncepcja-regularna-online\/#primaryimage"},"image":{"@id":"https:\/\/klinikadlakobiet.pl\/in\/antykoncepcja-regularna-online\/#primaryimage"},"thumbnailUrl":"https:\/\/klinikadlakobiet.pl\/in\/wp-content\/uploads\/2022\/05\/anty-reg.jpg","datePublished":"2022-05-06T10:48:32+00:00","dateModified":"2023-03-27T13:31:21+00:00","description":"Jak skuteczna jest antykoncepcja regularna? \u27a4 Kiedy warto zdecydowa\u0107 si\u0119 na regularn\u0105 antykoncepcj\u0119? \u27a4 Sprawd\u017a i zam\u00f3w konsultacj\u0119 ju\u017c za 49.99z\u0142!","breadcrumb":{"@id":"https:\/\/klinikadlakobiet.pl\/in\/antykoncepcja-regularna-online\/#breadcrumb"},"inLanguage":"pl-PL","potentialAction":[{"@type":"ReadAction","target":["https:\/\/klinikadlakobiet.pl\/in\/antykoncepcja-regularna-online\/"]}]},{"@type":"ImageObject","inLanguage":"pl-PL","@id":"https:\/\/klinikadlakobiet.pl\/in\/antykoncepcja-regularna-online\/#primaryimage","url":"https:\/\/klinikadlakobiet.pl\/in\/wp-content\/uploads\/2022\/05\/anty-reg.jpg","contentUrl":"https:\/\/klinikadlakobiet.pl\/in\/wp-content\/uploads\/2022\/05\/anty-reg.jpg","width":1200,"height":628,"caption":"antykoncepcja regularna"},{"@type":"BreadcrumbList","@id":"https:\/\/klinikadlakobiet.pl\/in\/antykoncepcja-regularna-online\/#breadcrumb","itemListElement":[{"@type":"ListItem","position":1,"name":"Strona g\u0142\u00f3wna","item":"https:\/\/klinikadlakobiet.pl\/in\/"},{"@type":"ListItem","position":2,"name":"Regularna antykoncepcja"}]},{"@type":"WebSite","@id":"https:\/\/klinikadlakobiet.pl\/in\/#website","url":"https:\/\/klinikadlakobiet.pl\/in\/","name":"Klinika Dla Kobiet","description":"Zdrowie kobiet w ka\u017cdym wieku","potentialAction":[{"@type":"SearchAction","target":{"@type":"EntryPoint","urlTemplate":"https:\/\/klinikadlakobiet.pl\/in\/?s={search_term_string}"},"query-input":{"@type":"PropertyValueSpecification","valueRequired":true,"valueName":"search_term_string"}}],"inLanguage":"pl-PL"}]}},"_links":{"self":[{"href":"https:\/\/klinikadlakobiet.pl\/in\/wp-json\/wp\/v2\/pages\/4148","targetHints":{"allow":["GET"]}}],"collection":[{"href":"https:\/\/klinikadlakobiet.pl\/in\/wp-json\/wp\/v2\/pages"}],"about":[{"href":"https:\/\/klinikadlakobiet.pl\/in\/wp-json\/wp\/v2\/types\/page"}],"author":[{"embeddable":true,"href":"https:\/\/klinikadlakobiet.pl\/in\/wp-json\/wp\/v2\/users\/9"}],"replies":[{"embeddable":true,"href":"https:\/\/klinikadlakobiet.pl\/in\/wp-json\/wp\/v2\/comments?post=4148"}],"version-history":[{"count":9,"href":"https:\/\/klinikadlakobiet.pl\/in\/wp-json\/wp\/v2\/pages\/4148\/revisions"}],"predecessor-version":[{"id":4169,"href":"https:\/\/klinikadlakobiet.pl\/in\/wp-json\/wp\/v2\/pages\/4148\/revisions\/4169"}],"wp:featuredmedia":[{"embeddable":true,"href":"https:\/\/klinikadlakobiet.pl\/in\/wp-json\/wp\/v2\/media\/4166"}],"wp:attachment":[{"href":"https:\/\/klinikadlakobiet.pl\/in\/wp-json\/wp\/v2\/media?parent=4148"}],"curies":[{"name":"wp","href":"https:\/\/api.w.org\/{rel}","templated":true}]}}