{"id":186,"date":"2018-12-11T08:52:36","date_gmt":"2018-12-11T08:52:36","guid":{"rendered":"http:\/\/template-new.template.cmsmasters.net\/?page_id=186"},"modified":"2024-07-11T08:57:26","modified_gmt":"2024-07-11T08:57:26","slug":"blog","status":"publish","type":"page","link":"https:\/\/klinikadlakobiet.pl\/in\/blog\/","title":{"rendered":"Artyku\u0142y"},"content":{"rendered":"<div id=\"cmsmasters_column_80fc00c9a3\" class=\"cmsmasters_column one_first\">\n<div class=\"cmsmasters_column_inner\">\n<div id=\"blog_d0d0d42a54\" class=\"cmsmasters_wrap_blog entry-summary\" data-layout=\"puzzle\" data-layout-mode=\"\" data-url=\"https:\/\/klinikadlakobiet.pl\/in\/wp-content\/plugins\/cmsmasters-content-composer\/\" data-orderby=\"date\" data-order=\"DESC\" data-count=\"6\" data-categories=\"antykoncepcja-awaryjna,ciaza,hormonalna-terapia-zastepcza,infekcje-intymne,opoznianie-miesiaczki,regularna-antykoncepcja,ulotki-lekow,watki-inne\" data-metadata=\"date,categories,author,more\" data-pagination=\"pagination\"><div class=\"blog puzzle cmsmasters_2\"><!-- Start Post Puzzle Article -->\r\n<article id=\"post-5078\" class=\"cmsmasters_post_puzzle post-5078 post type-post status-publish format-standard has-post-thumbnail hentry category-watki-inne\" data-category=\"watki-inne\">\r\n\t<div class=\"cmsmasters_post_cont\">\r\n\t\t<div class=\"cmsmasters_post_image_wrapper\"><figure class=\"cmsmasters_img_wrap\"><a href=\"https:\/\/klinikadlakobiet.pl\/in\/przygotowanie-do-menopauzy-pierwsze-objawy-i-zalety-wczesnego-wdrozenia-htz\/\" title=\"Przygotowanie do menopauzy \u2013 pierwsze objawy i zalety wczesnego wdro\u017cenia HTZ.\" class=\"cmsmasters_img_link preloader\"><img loading=\"lazy\" decoding=\"async\" width=\"580\" height=\"580\" src=\"https:\/\/klinikadlakobiet.pl\/in\/wp-content\/uploads\/2026\/05\/2148286472-580x580.jpg\" class=\"full-width wp-post-image\" alt=\"Przygotowanie do menopauzy \u2013 pierwsze objawy i zalety wczesnego wdro\u017cenia HTZ.\" title=\"2148286472\" srcset=\"https:\/\/klinikadlakobiet.pl\/in\/wp-content\/uploads\/2026\/05\/2148286472-580x580.jpg 580w, https:\/\/klinikadlakobiet.pl\/in\/wp-content\/uploads\/2026\/05\/2148286472-150x150.jpg 150w, https:\/\/klinikadlakobiet.pl\/in\/wp-content\/uploads\/2026\/05\/2148286472-75x75.jpg 75w, https:\/\/klinikadlakobiet.pl\/in\/wp-content\/uploads\/2026\/05\/2148286472-350x350.jpg 350w\" sizes=\"auto, (max-width: 580px) 100vw, 580px\" \/><\/a><\/figure><\/div><div class=\"cmsmasters_post_content_wrapper\"><div class=\"cmsmasters_post_content_outer\"><div class=\"cmsmasters_post_content_inner\"><span class=\"cmsmasters_post_category\"><a href=\"https:\/\/klinikadlakobiet.pl\/in\/category\/watki-inne\/\" class=\"cmsmasters_cat_color cmsmasters_cat_129\" rel=\"category tag\">W\u0105tki inne<\/a><\/span><header class=\"cmsmasters_post_header entry-header\"><h3 class=\"cmsmasters_post_title entry-title\"><a href=\"https:\/\/klinikadlakobiet.pl\/in\/przygotowanie-do-menopauzy-pierwsze-objawy-i-zalety-wczesnego-wdrozenia-htz\/\" class=\"\">Przygotowanie do menopauzy \u2013 pierwsze objawy i zalety wczesnego wdro\u017cenia HTZ.<\/a><\/h3><\/header><footer class=\"cmsmasters_post_footer entry-meta\"><span class=\"cmsmasters_post_date\"><abbr class=\"published\" title=\"4 maja, 2026\">4 maja, 2026<\/abbr><abbr class=\"dn date updated\" title=\"4 maja, 2026\">4 maja, 2026<\/abbr><\/span><span class=\"cmsmasters_post_author\">Autor <a href=\"https:\/\/klinikadlakobiet.pl\/in\/author\/widoczni\/\" title=\"Posts by Admin\" class=\"vcard author\" rel=\"author\"><span class=\"fn\">Admin<\/span><\/a><\/span><\/footer><div class=\"cmsmasters_read_more_wrap\"><a class=\"cmsmasters_post_read_more\" href=\"https:\/\/klinikadlakobiet.pl\/in\/przygotowanie-do-menopauzy-pierwsze-objawy-i-zalety-wczesnego-wdrozenia-htz\/\">Czytaj wi\u0119cej<\/a><\/div><\/div><\/div><\/div>\t<\/div>\r\n<\/article>\r\n<!-- Finish Post Puzzle Article -->\r\n\r\n<!-- Start Post Puzzle Article -->\r\n<article id=\"post-5075\" class=\"cmsmasters_post_puzzle post-5075 post type-post status-publish format-standard has-post-thumbnail hentry category-antykoncepcja-awaryjna\" data-category=\"antykoncepcja-awaryjna\">\r\n\t<div class=\"cmsmasters_post_cont\">\r\n\t\t<div class=\"cmsmasters_post_image_wrapper\"><figure class=\"cmsmasters_img_wrap\"><a href=\"https:\/\/klinikadlakobiet.pl\/in\/antykoncepcja-awaryjna-mit-o-wczesnej-aborcji-jak-to-dziala-naprawde\/\" title=\"Antykoncepcja awaryjna: Mit o \u201ewczesnej aborcji\u201d \u2013 jak to dzia\u0142a naprawd\u0119?\" class=\"cmsmasters_img_link preloader\"><img loading=\"lazy\" decoding=\"async\" width=\"580\" height=\"580\" src=\"https:\/\/klinikadlakobiet.pl\/in\/wp-content\/uploads\/2026\/05\/2148021654-580x580.jpg\" class=\"full-width wp-post-image\" alt=\"Antykoncepcja awaryjna: Mit o \u201ewczesnej aborcji\u201d \u2013 jak to dzia\u0142a naprawd\u0119?\" title=\"2148021654\" srcset=\"https:\/\/klinikadlakobiet.pl\/in\/wp-content\/uploads\/2026\/05\/2148021654-580x580.jpg 580w, https:\/\/klinikadlakobiet.pl\/in\/wp-content\/uploads\/2026\/05\/2148021654-150x150.jpg 150w, https:\/\/klinikadlakobiet.pl\/in\/wp-content\/uploads\/2026\/05\/2148021654-75x75.jpg 75w, https:\/\/klinikadlakobiet.pl\/in\/wp-content\/uploads\/2026\/05\/2148021654-350x350.jpg 350w\" sizes=\"auto, (max-width: 580px) 100vw, 580px\" \/><\/a><\/figure><\/div><div class=\"cmsmasters_post_content_wrapper\"><div class=\"cmsmasters_post_content_outer\"><div class=\"cmsmasters_post_content_inner\"><span class=\"cmsmasters_post_category\"><a href=\"https:\/\/klinikadlakobiet.pl\/in\/category\/antykoncepcja-awaryjna\/\" class=\"cmsmasters_cat_color cmsmasters_cat_124\" rel=\"category tag\">Antykoncepcja Awaryjna<\/a><\/span><header class=\"cmsmasters_post_header entry-header\"><h3 class=\"cmsmasters_post_title entry-title\"><a href=\"https:\/\/klinikadlakobiet.pl\/in\/antykoncepcja-awaryjna-mit-o-wczesnej-aborcji-jak-to-dziala-naprawde\/\" class=\"\">Antykoncepcja awaryjna: Mit o \u201ewczesnej aborcji\u201d \u2013 jak to dzia\u0142a naprawd\u0119?<\/a><\/h3><\/header><footer class=\"cmsmasters_post_footer entry-meta\"><span class=\"cmsmasters_post_date\"><abbr class=\"published\" title=\"4 maja, 2026\">4 maja, 2026<\/abbr><abbr class=\"dn date updated\" title=\"4 maja, 2026\">4 maja, 2026<\/abbr><\/span><span class=\"cmsmasters_post_author\">Autor <a href=\"https:\/\/klinikadlakobiet.pl\/in\/author\/widoczni\/\" title=\"Posts by Admin\" class=\"vcard author\" rel=\"author\"><span class=\"fn\">Admin<\/span><\/a><\/span><\/footer><div class=\"cmsmasters_read_more_wrap\"><a class=\"cmsmasters_post_read_more\" href=\"https:\/\/klinikadlakobiet.pl\/in\/antykoncepcja-awaryjna-mit-o-wczesnej-aborcji-jak-to-dziala-naprawde\/\">Czytaj wi\u0119cej<\/a><\/div><\/div><\/div><\/div>\t<\/div>\r\n<\/article>\r\n<!-- Finish Post Puzzle Article -->\r\n\r\n<!-- Start Post Puzzle Article -->\r\n<article id=\"post-5071\" class=\"cmsmasters_post_puzzle post-5071 post type-post status-publish format-standard has-post-thumbnail hentry category-regularna-antykoncepcja\" data-category=\"regularna-antykoncepcja\">\r\n\t<div class=\"cmsmasters_post_cont\">\r\n\t\t<div class=\"cmsmasters_post_image_wrapper\"><figure class=\"cmsmasters_img_wrap\"><a href=\"https:\/\/klinikadlakobiet.pl\/in\/antykoncepcja-w-okresie-laktacji-bezpieczenstwo-matki-i-dziecka-oraz-wplyw-na-jakosc-pokarmu\/\" title=\"Antykoncepcja w okresie laktacji: Bezpiecze\u0144stwo matki i dziecka oraz wp\u0142yw na jako\u015b\u0107 pokarmu\" class=\"cmsmasters_img_link preloader\"><img loading=\"lazy\" decoding=\"async\" width=\"580\" height=\"580\" src=\"https:\/\/klinikadlakobiet.pl\/in\/wp-content\/uploads\/2026\/04\/12220-580x580.jpg\" class=\"full-width wp-post-image\" alt=\"Antykoncepcja w okresie laktacji: Bezpiecze\u0144stwo matki i dziecka oraz wp\u0142yw na jako\u015b\u0107 pokarmu\" title=\"12220\" srcset=\"https:\/\/klinikadlakobiet.pl\/in\/wp-content\/uploads\/2026\/04\/12220-580x580.jpg 580w, https:\/\/klinikadlakobiet.pl\/in\/wp-content\/uploads\/2026\/04\/12220-150x150.jpg 150w, https:\/\/klinikadlakobiet.pl\/in\/wp-content\/uploads\/2026\/04\/12220-75x75.jpg 75w, https:\/\/klinikadlakobiet.pl\/in\/wp-content\/uploads\/2026\/04\/12220-350x350.jpg 350w\" sizes=\"auto, (max-width: 580px) 100vw, 580px\" \/><\/a><\/figure><\/div><div class=\"cmsmasters_post_content_wrapper\"><div class=\"cmsmasters_post_content_outer\"><div class=\"cmsmasters_post_content_inner\"><span class=\"cmsmasters_post_category\"><a href=\"https:\/\/klinikadlakobiet.pl\/in\/category\/regularna-antykoncepcja\/\" class=\"cmsmasters_cat_color cmsmasters_cat_123\" rel=\"category tag\">Regularna Antykoncepcja<\/a><\/span><header class=\"cmsmasters_post_header entry-header\"><h3 class=\"cmsmasters_post_title entry-title\"><a href=\"https:\/\/klinikadlakobiet.pl\/in\/antykoncepcja-w-okresie-laktacji-bezpieczenstwo-matki-i-dziecka-oraz-wplyw-na-jakosc-pokarmu\/\" class=\"\">Antykoncepcja w okresie laktacji: Bezpiecze\u0144stwo matki i dziecka oraz wp\u0142yw na jako\u015b\u0107 pokarmu<\/a><\/h3><\/header><footer class=\"cmsmasters_post_footer entry-meta\"><span class=\"cmsmasters_post_date\"><abbr class=\"published\" title=\"22 kwietnia, 2026\">22 kwietnia, 2026<\/abbr><abbr class=\"dn date updated\" title=\"22 kwietnia, 2026\">22 kwietnia, 2026<\/abbr><\/span><span class=\"cmsmasters_post_author\">Autor <a href=\"https:\/\/klinikadlakobiet.pl\/in\/author\/widoczni\/\" title=\"Posts by Admin\" class=\"vcard author\" rel=\"author\"><span class=\"fn\">Admin<\/span><\/a><\/span><\/footer><div class=\"cmsmasters_read_more_wrap\"><a class=\"cmsmasters_post_read_more\" href=\"https:\/\/klinikadlakobiet.pl\/in\/antykoncepcja-w-okresie-laktacji-bezpieczenstwo-matki-i-dziecka-oraz-wplyw-na-jakosc-pokarmu\/\">Czytaj wi\u0119cej<\/a><\/div><\/div><\/div><\/div>\t<\/div>\r\n<\/article>\r\n<!-- Finish Post Puzzle Article -->\r\n\r\n<!-- Start Post Puzzle Article -->\r\n<article id=\"post-5068\" class=\"cmsmasters_post_puzzle post-5068 post type-post status-publish format-standard has-post-thumbnail hentry category-regularna-antykoncepcja\" data-category=\"regularna-antykoncepcja\">\r\n\t<div class=\"cmsmasters_post_cont\">\r\n\t\t<div class=\"cmsmasters_post_image_wrapper\"><figure class=\"cmsmasters_img_wrap\"><a href=\"https:\/\/klinikadlakobiet.pl\/in\/ginekologia-sportowa-optymalizacja-wydolnosci-fizycznej-a-stosowanie-antykoncepcji-hormonalnej\/\" title=\"Ginekologia sportowa: Optymalizacja wydolno\u015bci fizycznej a stosowanie antykoncepcji hormonalnej\" class=\"cmsmasters_img_link preloader\"><img loading=\"lazy\" decoding=\"async\" width=\"580\" height=\"580\" src=\"https:\/\/klinikadlakobiet.pl\/in\/wp-content\/uploads\/2026\/04\/2148429285-580x580.jpg\" class=\"full-width wp-post-image\" alt=\"Ginekologia sportowa: Optymalizacja wydolno\u015bci fizycznej a stosowanie antykoncepcji hormonalnej\" title=\"2148429285\" srcset=\"https:\/\/klinikadlakobiet.pl\/in\/wp-content\/uploads\/2026\/04\/2148429285-580x580.jpg 580w, https:\/\/klinikadlakobiet.pl\/in\/wp-content\/uploads\/2026\/04\/2148429285-150x150.jpg 150w, https:\/\/klinikadlakobiet.pl\/in\/wp-content\/uploads\/2026\/04\/2148429285-75x75.jpg 75w, https:\/\/klinikadlakobiet.pl\/in\/wp-content\/uploads\/2026\/04\/2148429285-350x350.jpg 350w\" sizes=\"auto, (max-width: 580px) 100vw, 580px\" \/><\/a><\/figure><\/div><div class=\"cmsmasters_post_content_wrapper\"><div class=\"cmsmasters_post_content_outer\"><div class=\"cmsmasters_post_content_inner\"><span class=\"cmsmasters_post_category\"><a href=\"https:\/\/klinikadlakobiet.pl\/in\/category\/regularna-antykoncepcja\/\" class=\"cmsmasters_cat_color cmsmasters_cat_123\" rel=\"category tag\">Regularna Antykoncepcja<\/a><\/span><header class=\"cmsmasters_post_header entry-header\"><h3 class=\"cmsmasters_post_title entry-title\"><a href=\"https:\/\/klinikadlakobiet.pl\/in\/ginekologia-sportowa-optymalizacja-wydolnosci-fizycznej-a-stosowanie-antykoncepcji-hormonalnej\/\" class=\"\">Ginekologia sportowa: Optymalizacja wydolno\u015bci fizycznej a stosowanie antykoncepcji hormonalnej<\/a><\/h3><\/header><footer class=\"cmsmasters_post_footer entry-meta\"><span class=\"cmsmasters_post_date\"><abbr class=\"published\" title=\"22 kwietnia, 2026\">22 kwietnia, 2026<\/abbr><abbr class=\"dn date updated\" title=\"22 kwietnia, 2026\">22 kwietnia, 2026<\/abbr><\/span><span class=\"cmsmasters_post_author\">Autor <a href=\"https:\/\/klinikadlakobiet.pl\/in\/author\/widoczni\/\" title=\"Posts by Admin\" class=\"vcard author\" rel=\"author\"><span class=\"fn\">Admin<\/span><\/a><\/span><\/footer><div class=\"cmsmasters_read_more_wrap\"><a class=\"cmsmasters_post_read_more\" href=\"https:\/\/klinikadlakobiet.pl\/in\/ginekologia-sportowa-optymalizacja-wydolnosci-fizycznej-a-stosowanie-antykoncepcji-hormonalnej\/\">Czytaj wi\u0119cej<\/a><\/div><\/div><\/div><\/div>\t<\/div>\r\n<\/article>\r\n<!-- Finish Post Puzzle Article -->\r\n\r\n<!-- Start Post Puzzle Article -->\r\n<article id=\"post-5064\" class=\"cmsmasters_post_puzzle post-5064 post type-post status-publish format-standard has-post-thumbnail hentry category-regularna-antykoncepcja\" data-category=\"regularna-antykoncepcja\">\r\n\t<div class=\"cmsmasters_post_cont\">\r\n\t\t<div class=\"cmsmasters_post_image_wrapper\"><figure class=\"cmsmasters_img_wrap\"><a href=\"https:\/\/klinikadlakobiet.pl\/in\/zasady-stosowania-antykoncepcji-w-podrozy-i-przy-zmianach-stref-czasowych\/\" title=\"Zasady stosowania antykoncepcji w podr\u00f3\u017cy i przy zmianach stref czasowych\" class=\"cmsmasters_img_link preloader\"><img loading=\"lazy\" decoding=\"async\" width=\"580\" height=\"580\" src=\"https:\/\/klinikadlakobiet.pl\/in\/wp-content\/uploads\/2026\/04\/30253-580x580.jpg\" class=\"full-width wp-post-image\" alt=\"Zasady stosowania antykoncepcji w podr\u00f3\u017cy i przy zmianach stref czasowych\" title=\"30253\" srcset=\"https:\/\/klinikadlakobiet.pl\/in\/wp-content\/uploads\/2026\/04\/30253-580x580.jpg 580w, https:\/\/klinikadlakobiet.pl\/in\/wp-content\/uploads\/2026\/04\/30253-150x150.jpg 150w, https:\/\/klinikadlakobiet.pl\/in\/wp-content\/uploads\/2026\/04\/30253-75x75.jpg 75w, https:\/\/klinikadlakobiet.pl\/in\/wp-content\/uploads\/2026\/04\/30253-350x350.jpg 350w\" sizes=\"auto, (max-width: 580px) 100vw, 580px\" \/><\/a><\/figure><\/div><div class=\"cmsmasters_post_content_wrapper\"><div class=\"cmsmasters_post_content_outer\"><div class=\"cmsmasters_post_content_inner\"><span class=\"cmsmasters_post_category\"><a href=\"https:\/\/klinikadlakobiet.pl\/in\/category\/regularna-antykoncepcja\/\" class=\"cmsmasters_cat_color cmsmasters_cat_123\" rel=\"category tag\">Regularna Antykoncepcja<\/a><\/span><header class=\"cmsmasters_post_header entry-header\"><h3 class=\"cmsmasters_post_title entry-title\"><a href=\"https:\/\/klinikadlakobiet.pl\/in\/zasady-stosowania-antykoncepcji-w-podrozy-i-przy-zmianach-stref-czasowych\/\" class=\"\">Zasady stosowania antykoncepcji w podr\u00f3\u017cy i przy zmianach stref czasowych<\/a><\/h3><\/header><footer class=\"cmsmasters_post_footer entry-meta\"><span class=\"cmsmasters_post_date\"><abbr class=\"published\" title=\"22 kwietnia, 2026\">22 kwietnia, 2026<\/abbr><abbr class=\"dn date updated\" title=\"22 kwietnia, 2026\">22 kwietnia, 2026<\/abbr><\/span><span class=\"cmsmasters_post_author\">Autor <a href=\"https:\/\/klinikadlakobiet.pl\/in\/author\/widoczni\/\" title=\"Posts by Admin\" class=\"vcard author\" rel=\"author\"><span class=\"fn\">Admin<\/span><\/a><\/span><\/footer><div class=\"cmsmasters_read_more_wrap\"><a class=\"cmsmasters_post_read_more\" href=\"https:\/\/klinikadlakobiet.pl\/in\/zasady-stosowania-antykoncepcji-w-podrozy-i-przy-zmianach-stref-czasowych\/\">Czytaj wi\u0119cej<\/a><\/div><\/div><\/div><\/div>\t<\/div>\r\n<\/article>\r\n<!-- Finish Post Puzzle Article -->\r\n\r\n<!-- Start Post Puzzle Article -->\r\n<article id=\"post-5061\" class=\"cmsmasters_post_puzzle post-5061 post type-post status-publish format-standard has-post-thumbnail hentry category-regularna-antykoncepcja\" data-category=\"regularna-antykoncepcja\">\r\n\t<div class=\"cmsmasters_post_cont\">\r\n\t\t<div class=\"cmsmasters_post_image_wrapper\"><figure class=\"cmsmasters_img_wrap\"><a href=\"https:\/\/klinikadlakobiet.pl\/in\/plamienia-srodcykliczne-przy-stosowaniu-hormonow-kiedy-sa-norma-a-kiedy-bledem\/\" title=\"Plamienia \u015br\u00f3dcykliczne przy stosowaniu hormon\u00f3w \u2013 kiedy s\u0105 norm\u0105, a kiedy b\u0142\u0119dem?\" class=\"cmsmasters_img_link preloader\"><img loading=\"lazy\" decoding=\"async\" width=\"580\" height=\"580\" src=\"https:\/\/klinikadlakobiet.pl\/in\/wp-content\/uploads\/2026\/04\/2148025770-580x580.jpg\" class=\"full-width wp-post-image\" alt=\"Plamienia \u015br\u00f3dcykliczne przy stosowaniu hormon\u00f3w \u2013 kiedy s\u0105 norm\u0105, a kiedy b\u0142\u0119dem?\" title=\"2148025770\" srcset=\"https:\/\/klinikadlakobiet.pl\/in\/wp-content\/uploads\/2026\/04\/2148025770-580x580.jpg 580w, https:\/\/klinikadlakobiet.pl\/in\/wp-content\/uploads\/2026\/04\/2148025770-150x150.jpg 150w, https:\/\/klinikadlakobiet.pl\/in\/wp-content\/uploads\/2026\/04\/2148025770-75x75.jpg 75w, https:\/\/klinikadlakobiet.pl\/in\/wp-content\/uploads\/2026\/04\/2148025770-350x350.jpg 350w\" sizes=\"auto, (max-width: 580px) 100vw, 580px\" \/><\/a><\/figure><\/div><div class=\"cmsmasters_post_content_wrapper\"><div class=\"cmsmasters_post_content_outer\"><div class=\"cmsmasters_post_content_inner\"><span class=\"cmsmasters_post_category\"><a href=\"https:\/\/klinikadlakobiet.pl\/in\/category\/regularna-antykoncepcja\/\" class=\"cmsmasters_cat_color cmsmasters_cat_123\" rel=\"category tag\">Regularna Antykoncepcja<\/a><\/span><header class=\"cmsmasters_post_header entry-header\"><h3 class=\"cmsmasters_post_title entry-title\"><a href=\"https:\/\/klinikadlakobiet.pl\/in\/plamienia-srodcykliczne-przy-stosowaniu-hormonow-kiedy-sa-norma-a-kiedy-bledem\/\" class=\"\">Plamienia \u015br\u00f3dcykliczne przy stosowaniu hormon\u00f3w \u2013 kiedy s\u0105 norm\u0105, a kiedy b\u0142\u0119dem?<\/a><\/h3><\/header><footer class=\"cmsmasters_post_footer entry-meta\"><span class=\"cmsmasters_post_date\"><abbr class=\"published\" title=\"22 kwietnia, 2026\">22 kwietnia, 2026<\/abbr><abbr class=\"dn date updated\" title=\"22 kwietnia, 2026\">22 kwietnia, 2026<\/abbr><\/span><span class=\"cmsmasters_post_author\">Autor <a href=\"https:\/\/klinikadlakobiet.pl\/in\/author\/widoczni\/\" title=\"Posts by Admin\" class=\"vcard author\" rel=\"author\"><span class=\"fn\">Admin<\/span><\/a><\/span><\/footer><div class=\"cmsmasters_read_more_wrap\"><a class=\"cmsmasters_post_read_more\" href=\"https:\/\/klinikadlakobiet.pl\/in\/plamienia-srodcykliczne-przy-stosowaniu-hormonow-kiedy-sa-norma-a-kiedy-bledem\/\">Czytaj wi\u0119cej<\/a><\/div><\/div><\/div><\/div>\t<\/div>\r\n<\/article>\r\n<!-- Finish Post Puzzle Article -->\r\n\r\n<\/div><div class=\"cmsmasters_wrap_more_posts cmsmasters_wrap_more_items\"><div class=\"cmsmasters_wrap_pagination\"><ul class='page-numbers'>\n\t<li><span aria-current=\"page\" class=\"page-numbers current\">1<\/span><\/li>\n\t<li><a class=\"page-numbers\" href=\"https:\/\/klinikadlakobiet.pl\/in\/wp-json\/wp\/v2\/pages\/186\/page\/2\/\">2<\/a><\/li>\n\t<li><span class=\"page-numbers dots\">&hellip;<\/span><\/li>\n\t<li><a class=\"page-numbers\" href=\"https:\/\/klinikadlakobiet.pl\/in\/wp-json\/wp\/v2\/pages\/186\/page\/17\/\">17<\/a><\/li>\n\t<li><a class=\"next page-numbers\" href=\"https:\/\/klinikadlakobiet.pl\/in\/wp-json\/wp\/v2\/pages\/186\/page\/2\/\"><span class=\"cmsmasters_theme_icon_pagination_next\"><span>next<\/span><\/span><\/a><\/li>\n<\/ul>\n<\/div><\/div><\/div>\n<\/div><\/div>\n\n","protected":false},"excerpt":{"rendered":"","protected":false},"author":4,"featured_media":0,"parent":0,"menu_order":0,"comment_status":"closed","ping_status":"closed","template":"","meta":{"footnotes":""},"class_list":["post-186","page","type-page","status-publish","hentry"],"yoast_head":"<!-- This site is optimized with the Yoast SEO Premium plugin v24.4 (Yoast SEO v24.4) - https:\/\/yoast.com\/wordpress\/plugins\/seo\/ -->\n<title>Blog - artyku\u0142y i porady ginekologiczne - Klinika dla Kobiet<\/title>\n<meta name=\"description\" content=\"Klinika dla Kobiet \u27a4 Blog - fachowe porady specjalistki ginekologii - dr Sylwii Jankowskiej \u2714\ufe0f E-recepta w 5 minut \u2714\ufe0f Konsultacje online w dogodnym terminie \u2b50 Sprawd\u017a!\" \/>\n<meta name=\"robots\" content=\"index, follow, max-snippet:-1, max-image-preview:large, max-video-preview:-1\" \/>\n<link rel=\"canonical\" href=\"https:\/\/klinikadlakobiet.pl\/in\/blog\/\" \/>\n<meta property=\"og:locale\" content=\"pl_PL\" \/>\n<meta property=\"og:type\" content=\"article\" \/>\n<meta property=\"og:title\" content=\"Artyku\u0142y\" \/>\n<meta property=\"og:description\" content=\"Klinika dla Kobiet \u27a4 Blog - fachowe porady specjalistki ginekologii - dr Sylwii Jankowskiej \u2714\ufe0f E-recepta w 5 minut \u2714\ufe0f Konsultacje online w dogodnym terminie \u2b50 Sprawd\u017a!\" \/>\n<meta property=\"og:url\" content=\"https:\/\/klinikadlakobiet.pl\/in\/blog\/\" \/>\n<meta property=\"og:site_name\" content=\"Klinika Dla Kobiet\" \/>\n<meta property=\"article:modified_time\" content=\"2024-07-11T08:57:26+00:00\" \/>\n<meta name=\"twitter:card\" content=\"summary_large_image\" \/>\n<!-- \/ Yoast SEO Premium plugin. -->","yoast_head_json":{"title":"Blog - artyku\u0142y i porady ginekologiczne - Klinika dla Kobiet","description":"Klinika dla Kobiet \u27a4 Blog - fachowe porady specjalistki ginekologii - dr Sylwii Jankowskiej \u2714\ufe0f E-recepta w 5 minut \u2714\ufe0f Konsultacje online w dogodnym terminie \u2b50 Sprawd\u017a!","robots":{"index":"index","follow":"follow","max-snippet":"max-snippet:-1","max-image-preview":"max-image-preview:large","max-video-preview":"max-video-preview:-1"},"canonical":"https:\/\/klinikadlakobiet.pl\/in\/blog\/","og_locale":"pl_PL","og_type":"article","og_title":"Artyku\u0142y","og_description":"Klinika dla Kobiet \u27a4 Blog - fachowe porady specjalistki ginekologii - dr Sylwii Jankowskiej \u2714\ufe0f E-recepta w 5 minut \u2714\ufe0f Konsultacje online w dogodnym terminie \u2b50 Sprawd\u017a!","og_url":"https:\/\/klinikadlakobiet.pl\/in\/blog\/","og_site_name":"Klinika Dla Kobiet","article_modified_time":"2024-07-11T08:57:26+00:00","twitter_card":"summary_large_image","schema":{"@context":"https:\/\/schema.org","@graph":[{"@type":"WebPage","@id":"https:\/\/klinikadlakobiet.pl\/in\/blog\/","url":"https:\/\/klinikadlakobiet.pl\/in\/blog\/","name":"Blog - artyku\u0142y i porady ginekologiczne - Klinika dla Kobiet","isPartOf":{"@id":"https:\/\/klinikadlakobiet.pl\/in\/#website"},"datePublished":"2018-12-11T08:52:36+00:00","dateModified":"2024-07-11T08:57:26+00:00","description":"Klinika dla Kobiet \u27a4 Blog - fachowe porady specjalistki ginekologii - dr Sylwii Jankowskiej \u2714\ufe0f E-recepta w 5 minut \u2714\ufe0f Konsultacje online w dogodnym terminie \u2b50 Sprawd\u017a!","breadcrumb":{"@id":"https:\/\/klinikadlakobiet.pl\/in\/blog\/#breadcrumb"},"inLanguage":"pl-PL","potentialAction":[{"@type":"ReadAction","target":["https:\/\/klinikadlakobiet.pl\/in\/blog\/"]}]},{"@type":"BreadcrumbList","@id":"https:\/\/klinikadlakobiet.pl\/in\/blog\/#breadcrumb","itemListElement":[{"@type":"ListItem","position":1,"name":"Strona g\u0142\u00f3wna","item":"https:\/\/klinikadlakobiet.pl\/in\/"},{"@type":"ListItem","position":2,"name":"Artyku\u0142y"}]},{"@type":"WebSite","@id":"https:\/\/klinikadlakobiet.pl\/in\/#website","url":"https:\/\/klinikadlakobiet.pl\/in\/","name":"Klinika Dla Kobiet","description":"Zdrowie kobiet w ka\u017cdym wieku","potentialAction":[{"@type":"SearchAction","target":{"@type":"EntryPoint","urlTemplate":"https:\/\/klinikadlakobiet.pl\/in\/?s={search_term_string}"},"query-input":{"@type":"PropertyValueSpecification","valueRequired":true,"valueName":"search_term_string"}}],"inLanguage":"pl-PL"}]}},"_links":{"self":[{"href":"https:\/\/klinikadlakobiet.pl\/in\/wp-json\/wp\/v2\/pages\/186","targetHints":{"allow":["GET"]}}],"collection":[{"href":"https:\/\/klinikadlakobiet.pl\/in\/wp-json\/wp\/v2\/pages"}],"about":[{"href":"https:\/\/klinikadlakobiet.pl\/in\/wp-json\/wp\/v2\/types\/page"}],"author":[{"embeddable":true,"href":"https:\/\/klinikadlakobiet.pl\/in\/wp-json\/wp\/v2\/users\/4"}],"replies":[{"embeddable":true,"href":"https:\/\/klinikadlakobiet.pl\/in\/wp-json\/wp\/v2\/comments?post=186"}],"version-history":[{"count":44,"href":"https:\/\/klinikadlakobiet.pl\/in\/wp-json\/wp\/v2\/pages\/186\/revisions"}],"predecessor-version":[{"id":4018,"href":"https:\/\/klinikadlakobiet.pl\/in\/wp-json\/wp\/v2\/pages\/186\/revisions\/4018"}],"wp:attachment":[{"href":"https:\/\/klinikadlakobiet.pl\/in\/wp-json\/wp\/v2\/media?parent=186"}],"curies":[{"name":"wp","href":"https:\/\/api.w.org\/{rel}","templated":true}]}}